{"id":15,"date":"2025-10-31T15:04:41","date_gmt":"2025-10-31T15:04:41","guid":{"rendered":"http:\/\/vaergym.cluster121.hosting.ovh.net\/contact\/"},"modified":"2025-12-02T10:36:55","modified_gmt":"2025-12-02T10:36:55","slug":"contact","status":"publish","type":"page","link":"https:\/\/vravenue.net\/fr\/contact\/","title":{"rendered":"Contact"},"content":{"rendered":"<div data-elementor-type=\"wp-page\" data-elementor-id=\"15\" class=\"elementor elementor-15\">\n\t\t\t\t<div class=\"elementor-element elementor-element-499235a4 e-con-full e-flex e-con e-parent\" data-id=\"499235a4\" data-element_type=\"container\">\n\t\t\t\t<div class=\"elementor-element elementor-element-8fc96ed elementor-widget elementor-widget-ehp-form\" data-id=\"8fc96ed\" data-element_type=\"widget\" data-settings=\"{&quot;layout_preset&quot;:&quot;quick-connect&quot;,&quot;button_width&quot;:&quot;100&quot;,&quot;button_shape&quot;:&quot;default&quot;,&quot;box_shape&quot;:&quot;sharp&quot;}\" data-widget_type=\"ehp-form.default\">\n\t\t\t\t<div class=\"elementor-widget-container\">\n\t\t\t\t\t\t\t<form class=\"has-shape-sharp shape-type-box ehp-form has-layout-preset-quick-connect\" name=\"New Form\" method=\"post\" id=\"\" action=\"\">\n\t\t\t\t\t<div class=\"ehp-form__text-container\">\n\t\t\t<h2 class=\"ehp-form__heading\">Contactez-nous<\/h2><p class=\"ehp-form__description\">Remplissez le formulaire et nous vous contacterons imm\u00e9diatement.<\/p>\t\t<\/div>\n\t\t\t\t\t<input type=\"hidden\" name=\"post_id\" value=\"15\"\/>\n\t\t\t<input type=\"hidden\" name=\"form_id\" value=\"8fc96ed\"\/>\n\t\t\t<input type=\"hidden\" name=\"referer_title\" value=\"Contact - VR Avenue\"\/>\n\n\t\t\t\t\t\t\t<input type=\"hidden\" name=\"queried_id\" value=\"15\"\/>\n\t\t\t\n\t\t\t<div class=\"ehp-form__content\">\n\t\t\t\t\t\t\t\t<div class=\"ehp-form__wrapper\">\n\t\t\t\t\t\t\t\t\t\t\t<div class=\"ehp-form__field-group is-field-type-text is-field-group-nume has-width-100 has-border has-shape-default\">\n\t\t\t\t\t\t\t\t\t\t\t\t\t\t\t<label for=\"form-field-nume\" class=\"ehp-form__field-label\">\n\t\t\t\t\t\t\t\t\tNom\t\t\t\t\t\t\t\t<\/label>\n\t\t\t\t\t\t\t\t\t\t\t\t\t\t\t\t\t<input size=\"1\" type=\"text\" name=\"form_fields[nume]\" id=\"form-field-nume\" class=\"ehp-form__field elementor-size-sm  elementor-field-textual\" placeholder=\"Nom\">\n\t\t\t\t\t\t\t\t\t\t\t\t\t\t\t<\/div>\n\t\t\t\t\t\t\t\t\t\t\t<div class=\"ehp-form__field-group is-field-type-email is-field-group-email has-width-100 is-field-required is-mark-required has-border has-shape-default\">\n\t\t\t\t\t\t\t\t\t\t\t\t\t\t\t<label for=\"form-field-email\" class=\"ehp-form__field-label\">\n\t\t\t\t\t\t\t\t\tEmail\t\t\t\t\t\t\t\t<\/label>\n\t\t\t\t\t\t\t\t\t\t\t\t\t\t\t\t\t<input size=\"1\" type=\"email\" name=\"form_fields[email]\" id=\"form-field-email\" class=\"ehp-form__field elementor-size-sm  elementor-field-textual\" placeholder=\"Email\" required=\"required\" aria-required=\"true\">\n\t\t\t\t\t\t\t\t\t\t\t\t\t\t\t<\/div>\n\t\t\t\t\t\t\t\t\t\t\t<div class=\"ehp-form__field-group is-field-type-text is-field-group-telefon has-width-100 has-border has-shape-default\">\n\t\t\t\t\t\t\t\t\t\t\t\t\t\t\t<label for=\"form-field-telefon\" class=\"ehp-form__field-label\">\n\t\t\t\t\t\t\t\t\tT\u00e9l\u00e9phone\t\t\t\t\t\t\t\t<\/label>\n\t\t\t\t\t\t\t\t\t\t\t\t\t\t\t\t\t<input size=\"1\" type=\"text\" name=\"form_fields[telefon]\" id=\"form-field-telefon\" class=\"ehp-form__field elementor-size-sm  elementor-field-textual\" placeholder=\"T\u00e9l\u00e9phone\">\n\t\t\t\t\t\t\t\t\t\t\t\t\t\t\t<\/div>\n\t\t\t\t\t\t\t\t\t\t\t<div class=\"ehp-form__field-group is-field-type-text is-field-group-companie has-width-100 has-border has-shape-default\">\n\t\t\t\t\t\t\t\t\t\t\t\t\t\t\t<label for=\"form-field-companie\" class=\"ehp-form__field-label\">\n\t\t\t\t\t\t\t\t\tSoci\u00e9t\u00e9\t\t\t\t\t\t\t\t<\/label>\n\t\t\t\t\t\t\t\t\t\t\t\t\t\t\t\t\t<input size=\"1\" type=\"text\" name=\"form_fields[companie]\" id=\"form-field-companie\" class=\"ehp-form__field elementor-size-sm  elementor-field-textual\" placeholder=\"Soci\u00e9t\u00e9\">\n\t\t\t\t\t\t\t\t\t\t\t\t\t\t\t<\/div>\n\t\t\t\t\t\t\t\t\t\t\t<div class=\"ehp-form__field-group is-field-type-text is-field-group-oras has-width-100 has-border has-shape-default\">\n\t\t\t\t\t\t\t\t\t\t\t\t\t\t\t<label for=\"form-field-oras\" class=\"ehp-form__field-label\">\n\t\t\t\t\t\t\t\t\tVille\t\t\t\t\t\t\t\t<\/label>\n\t\t\t\t\t\t\t\t\t\t\t\t\t\t\t\t\t<input size=\"1\" type=\"text\" name=\"form_fields[oras]\" id=\"form-field-oras\" class=\"ehp-form__field elementor-size-sm  elementor-field-textual\" placeholder=\"Ville\">\n\t\t\t\t\t\t\t\t\t\t\t\t\t\t\t<\/div>\n\t\t\t\t\t\t\t\t\t\t\t<div class=\"ehp-form__field-group is-field-type-select is-field-group-zona_vr has-width-100 has-border has-shape-default\">\n\t\t\t\t\t\t\t\t\t\t\t\t\t\t\t<label for=\"form-field-zona_vr\" class=\"ehp-form__field-label\">\n\t\t\t\t\t\t\t\t\tTu as d\u00e9j\u00e0 une zone de r\u00e9alit\u00e9 virtuelle?\t\t\t\t\t\t\t\t<\/label>\n\t\t\t\t\t\t\t\t\t\t\n\t\t\t\n\t\t\t\t\t\t\t\n\t\t\t<select name=\"form_fields[zona_vr]\" id=\"form-field-zona_vr\" class=\"ehp-form__field elementor-field elementor-field-textual ehp-form__select elementor-size-sm\">\n\t\t\t\t\t\t\t\t\t<option value=\"Da\">Oui<\/option>\n\t\t\t\t\t\t\t\t\t<option value=\"Nu\">Non<\/option>\n\t\t\t\t\t\t\t<\/select>\n\t\t\n\t\t\t\t\t\t\t\t<\/div>\n\t\t\t\t\t\t\t\t\t\t\t<div class=\"ehp-form__field-group is-field-type-textarea is-field-group-message has-width-100 has-border has-shape-default\">\n\t\t\t\t\t\t\t\t\t\t\t\t\t\t\t<label for=\"form-field-message\" class=\"ehp-form__field-label\">\n\t\t\t\t\t\t\t\t\tMessage\t\t\t\t\t\t\t\t<\/label>\n\t\t\t\t\t\t\t\t<textarea class=\"elementor-field-textual ehp-form__field eph-form__textarea  elementor-size-sm\" name=\"form_fields[message]\" id=\"form-field-message\" rows=\"4\" placeholder=\"Parles nous de ton projet\"><\/textarea>\t\t\t\t\t\t<\/div>\n\t\t\t\t\t\t\t\t\t\t\t<div class=\"ehp-form__field-group is-field-type-select is-field-group-consimtamant has-width-100 has-border has-shape-default\">\n\t\t\t\t\t\t\t\t\t\t\t\t\t\t\t<label for=\"form-field-consimtamant\" class=\"ehp-form__field-label\">\n\t\t\t\t\t\t\t\t\tJe suis d'accord avec la politique de confidentialit\u00e9 sur mes donn\u00e9es personnelles\t\t\t\t\t\t\t\t<\/label>\n\t\t\t\t\t\t\t\t\t\t\n\t\t\t\n\t\t\t\t\t\t\t\n\t\t\t<select name=\"form_fields[consimtamant]\" id=\"form-field-consimtamant\" class=\"ehp-form__field elementor-field elementor-field-textual ehp-form__select elementor-size-sm\">\n\t\t\t\t\t\t\t\t\t<option value=\"Da\">Oui<\/option>\n\t\t\t\t\t\t\t\t\t<option value=\"Nu\">Non<\/option>\n\t\t\t\t\t\t\t<\/select>\n\t\t\n\t\t\t\t\t\t\t\t<\/div>\n\t\t\t\t\t\t\t\t\t\t\t\t<div class=\"ehp-form__submit-group has-width-100\">\n\t\t\t<button class=\"has-shape-default shape-type-button ehp-form__button is-type-button\" type=\"submit\">\n\t\t\t\t\t\t\t\t\t\t\t\t\t\n\t\t\t\t\t\t\t\t\t<span class=\"ehp-form__button-text\">Envoyer<\/span>\n\t\t\t\t\t\t\t<\/button>\n\t\t<\/div>\n\t\t\t\t\t\t<\/div>\n\t\t\t<\/div>\n\t\t\t<div class=\"ehp-form__overlay\"><\/div>\n\t\t<input type=\"hidden\" name=\"trp-form-language\" value=\"fr\"\/><\/form>\n\t\t\t\t\t\t<\/div>\n\t\t\t\t<\/div>\n\t\t\t\t<\/div>\n\t\t<div class=\"elementor-element elementor-element-f90ab70 e-flex e-con-boxed e-con e-parent\" data-id=\"f90ab70\" data-element_type=\"container\">\n\t\t\t\t\t<div class=\"e-con-inner\">\n\t\t\t\t<div class=\"elementor-element elementor-element-02ca159 elementor-widget elementor-widget-spacer\" data-id=\"02ca159\" data-element_type=\"widget\" data-widget_type=\"spacer.default\">\n\t\t\t\t\t\t\t<div class=\"elementor-spacer\">\n\t\t\t<div class=\"elementor-spacer-inner\"><\/div>\n\t\t<\/div>\n\t\t\t\t\t\t<\/div>\n\t\t\t\t\t<\/div>\n\t\t\t\t<\/div>\n\t\t\t\t<\/div>","protected":false},"excerpt":{"rendered":"","protected":false},"author":1,"featured_media":0,"parent":0,"menu_order":0,"comment_status":"closed","ping_status":"closed","template":"elementor_header_footer","meta":{"footnotes":""},"class_list":["post-15","page","type-page","status-publish","hentry"],"yoast_head":"<!-- This site is optimized with the Yoast SEO plugin v26.4 - https:\/\/yoast.com\/wordpress\/plugins\/seo\/ -->\n<title>Contact - VR Avenue<\/title>\n<meta name=\"robots\" content=\"index, follow, max-snippet:-1, max-image-preview:large, max-video-preview:-1\" \/>\n<link rel=\"canonical\" href=\"https:\/\/vravenue.net\/fr\/contact\/\" \/>\n<meta property=\"og:locale\" content=\"fr_FR\" \/>\n<meta property=\"og:type\" content=\"article\" \/>\n<meta property=\"og:title\" content=\"Contact - VR Avenue\" \/>\n<meta property=\"og:url\" content=\"https:\/\/vravenue.net\/fr\/contact\/\" \/>\n<meta property=\"og:site_name\" content=\"VR Avenue\" \/>\n<meta property=\"article:modified_time\" content=\"2025-12-02T10:36:55+00:00\" \/>\n<meta name=\"twitter:card\" content=\"summary_large_image\" \/>\n<script type=\"application\/ld+json\" class=\"yoast-schema-graph\">{\"@context\":\"https:\/\/schema.org\",\"@graph\":[{\"@type\":\"WebPage\",\"@id\":\"https:\/\/vravenue.net\/contact\/\",\"url\":\"https:\/\/vravenue.net\/contact\/\",\"name\":\"Contact - VR Avenue\",\"isPartOf\":{\"@id\":\"https:\/\/vravenue.net\/#website\"},\"datePublished\":\"2025-10-31T15:04:41+00:00\",\"dateModified\":\"2025-12-02T10:36:55+00:00\",\"breadcrumb\":{\"@id\":\"https:\/\/vravenue.net\/contact\/#breadcrumb\"},\"inLanguage\":\"fr-FR\",\"potentialAction\":[{\"@type\":\"ReadAction\",\"target\":[\"https:\/\/vravenue.net\/contact\/\"]}]},{\"@type\":\"BreadcrumbList\",\"@id\":\"https:\/\/vravenue.net\/contact\/#breadcrumb\",\"itemListElement\":[{\"@type\":\"ListItem\",\"position\":1,\"name\":\"Home\",\"item\":\"https:\/\/vravenue.net\/\"},{\"@type\":\"ListItem\",\"position\":2,\"name\":\"Contact\"}]},{\"@type\":\"WebSite\",\"@id\":\"https:\/\/vravenue.net\/#website\",\"url\":\"https:\/\/vravenue.net\/\",\"name\":\"VR Avenue\",\"description\":\"VR Avenue\",\"publisher\":{\"@id\":\"https:\/\/vravenue.net\/#organization\"},\"potentialAction\":[{\"@type\":\"SearchAction\",\"target\":{\"@type\":\"EntryPoint\",\"urlTemplate\":\"https:\/\/vravenue.net\/?s={search_term_string}\"},\"query-input\":{\"@type\":\"PropertyValueSpecification\",\"valueRequired\":true,\"valueName\":\"search_term_string\"}}],\"inLanguage\":\"fr-FR\"},{\"@type\":\"Organization\",\"@id\":\"https:\/\/vravenue.net\/#organization\",\"name\":\"VR Avenue\",\"url\":\"https:\/\/vravenue.net\/\",\"logo\":{\"@type\":\"ImageObject\",\"inLanguage\":\"fr-FR\",\"@id\":\"https:\/\/vravenue.net\/#\/schema\/logo\/image\/\",\"url\":\"https:\/\/vravenue.net\/wp-content\/uploads\/2025\/11\/logo-white.png\",\"contentUrl\":\"https:\/\/vravenue.net\/wp-content\/uploads\/2025\/11\/logo-white.png\",\"width\":500,\"height\":500,\"caption\":\"VR Avenue\"},\"image\":{\"@id\":\"https:\/\/vravenue.net\/#\/schema\/logo\/image\/\"}}]}<\/script>\n<!-- \/ Yoast SEO plugin. -->","yoast_head_json":{"title":"Contact - VR Avenue","robots":{"index":"index","follow":"follow","max-snippet":"max-snippet:-1","max-image-preview":"max-image-preview:large","max-video-preview":"max-video-preview:-1"},"canonical":"https:\/\/vravenue.net\/fr\/contact\/","og_locale":"fr_FR","og_type":"article","og_title":"Contact - VR Avenue","og_url":"https:\/\/vravenue.net\/fr\/contact\/","og_site_name":"VR Avenue","article_modified_time":"2025-12-02T10:36:55+00:00","twitter_card":"summary_large_image","schema":{"@context":"https:\/\/schema.org","@graph":[{"@type":"WebPage","@id":"https:\/\/vravenue.net\/contact\/","url":"https:\/\/vravenue.net\/contact\/","name":"Contact - VR Avenue","isPartOf":{"@id":"https:\/\/vravenue.net\/#website"},"datePublished":"2025-10-31T15:04:41+00:00","dateModified":"2025-12-02T10:36:55+00:00","breadcrumb":{"@id":"https:\/\/vravenue.net\/contact\/#breadcrumb"},"inLanguage":"fr-FR","potentialAction":[{"@type":"ReadAction","target":["https:\/\/vravenue.net\/contact\/"]}]},{"@type":"BreadcrumbList","@id":"https:\/\/vravenue.net\/contact\/#breadcrumb","itemListElement":[{"@type":"ListItem","position":1,"name":"Home","item":"https:\/\/vravenue.net\/"},{"@type":"ListItem","position":2,"name":"Contact"}]},{"@type":"WebSite","@id":"https:\/\/vravenue.net\/#website","url":"https:\/\/vravenue.net\/","name":"VR Avenue","description":"VR Avenue","publisher":{"@id":"https:\/\/vravenue.net\/#organization"},"potentialAction":[{"@type":"SearchAction","target":{"@type":"EntryPoint","urlTemplate":"https:\/\/vravenue.net\/?s={search_term_string}"},"query-input":{"@type":"PropertyValueSpecification","valueRequired":true,"valueName":"search_term_string"}}],"inLanguage":"fr-FR"},{"@type":"Organization","@id":"https:\/\/vravenue.net\/#organization","name":"VR Avenue","url":"https:\/\/vravenue.net\/","logo":{"@type":"ImageObject","inLanguage":"fr-FR","@id":"https:\/\/vravenue.net\/#\/schema\/logo\/image\/","url":"https:\/\/vravenue.net\/wp-content\/uploads\/2025\/11\/logo-white.png","contentUrl":"https:\/\/vravenue.net\/wp-content\/uploads\/2025\/11\/logo-white.png","width":500,"height":500,"caption":"VR Avenue"},"image":{"@id":"https:\/\/vravenue.net\/#\/schema\/logo\/image\/"}}]}},"_links":{"self":[{"href":"https:\/\/vravenue.net\/fr\/wp-json\/wp\/v2\/pages\/15","targetHints":{"allow":["GET"]}}],"collection":[{"href":"https:\/\/vravenue.net\/fr\/wp-json\/wp\/v2\/pages"}],"about":[{"href":"https:\/\/vravenue.net\/fr\/wp-json\/wp\/v2\/types\/page"}],"author":[{"embeddable":true,"href":"https:\/\/vravenue.net\/fr\/wp-json\/wp\/v2\/users\/1"}],"replies":[{"embeddable":true,"href":"https:\/\/vravenue.net\/fr\/wp-json\/wp\/v2\/comments?post=15"}],"version-history":[{"count":211,"href":"https:\/\/vravenue.net\/fr\/wp-json\/wp\/v2\/pages\/15\/revisions"}],"predecessor-version":[{"id":2897,"href":"https:\/\/vravenue.net\/fr\/wp-json\/wp\/v2\/pages\/15\/revisions\/2897"}],"wp:attachment":[{"href":"https:\/\/vravenue.net\/fr\/wp-json\/wp\/v2\/media?parent=15"}],"curies":[{"name":"wp","href":"https:\/\/api.w.org\/{rel}","templated":true}]}}