{"id":23,"date":"2025-10-31T15:04:45","date_gmt":"2025-10-31T15:04:45","guid":{"rendered":"http:\/\/vaergym.cluster121.hosting.ovh.net\/about\/"},"modified":"2025-12-01T08:25:30","modified_gmt":"2025-12-01T08:25:30","slug":"despre-noi","status":"publish","type":"page","link":"https:\/\/vravenue.net\/fr\/despre-noi\/","title":{"rendered":"A Propos"},"content":{"rendered":"<div data-elementor-type=\"wp-page\" data-elementor-id=\"23\" class=\"elementor elementor-23\">\n\t\t\t\t<div class=\"elementor-element elementor-element-5afd6a52 e-flex e-con-boxed e-con e-parent\" data-id=\"5afd6a52\" data-element_type=\"container\">\n\t\t\t\t\t<div class=\"e-con-inner\">\n\t\t<div class=\"elementor-element elementor-element-1918e2d3 e-con-full e-flex e-con e-child\" data-id=\"1918e2d3\" data-element_type=\"container\">\n\t\t<div class=\"elementor-element elementor-element-2b9c46f0 e-con-full e-flex e-con e-child\" data-id=\"2b9c46f0\" data-element_type=\"container\">\n\t\t\t\t<div class=\"elementor-element elementor-element-78969804 elementor-widget elementor-widget-image\" data-id=\"78969804\" data-element_type=\"widget\" data-widget_type=\"image.default\">\n\t\t\t\t\t\t\t\t\t\t\t\t\t\t\t<img fetchpriority=\"high\" decoding=\"async\" width=\"500\" height=\"500\" src=\"https:\/\/vravenue.net\/wp-content\/uploads\/2025\/11\/logo-white.png\" class=\"attachment-large size-large wp-image-1672\" alt=\"\" srcset=\"https:\/\/vravenue.net\/wp-content\/uploads\/2025\/11\/logo-white.png 500w, https:\/\/vravenue.net\/wp-content\/uploads\/2025\/11\/logo-white-300x300.png 300w, https:\/\/vravenue.net\/wp-content\/uploads\/2025\/11\/logo-white-150x150.png 150w\" sizes=\"(max-width: 500px) 100vw, 500px\" \/>\t\t\t\t\t\t\t\t\t\t\t\t\t\t\t<\/div>\n\t\t\t\t<\/div>\n\t\t\t\t<\/div>\n\t\t<div class=\"elementor-element elementor-element-bc01d5d e-con-full e-flex e-con e-child\" data-id=\"bc01d5d\" data-element_type=\"container\">\n\t\t\t\t<div class=\"elementor-element elementor-element-4df41925 elementor-widget elementor-widget-heading\" data-id=\"4df41925\" data-element_type=\"widget\" data-widget_type=\"heading.default\">\n\t\t\t\t\t<h1 class=\"elementor-heading-title elementor-size-default\">A Propos<\/h1>\t\t\t\t<\/div>\n\t\t\t\t<div class=\"elementor-element elementor-element-49060892 elementor-widget elementor-widget-text-editor\" data-id=\"49060892\" data-element_type=\"widget\" data-widget_type=\"text-editor.default\">\n\t\t\t\t\t\t\t\t\t<p><span style=\"font-weight: 400;\">VR Avenue est un service de Romcall, une entreprise \u00e0 capital fran\u00e7ais, fond\u00e9e en 2005 en Roumanie. <\/span><span style=\"font-weight: 400;\">Nous sommes partenaires officiels d\u2019Anvio et de Spawnpoint pour la Roumanie et la France. <\/span><span style=\"font-weight: 400;\">Nous garantissons les prix officiels, offrons une formation gratuite et fournissons un support local permanent.<\/span><\/p>\t\t\t\t\t\t\t\t<\/div>\n\t\t\t\t<div class=\"elementor-element elementor-element-191f0691 elementor-mobile-align-center elementor-invisible elementor-widget elementor-widget-button\" data-id=\"191f0691\" data-element_type=\"widget\" data-settings=\"{&quot;_animation&quot;:&quot;fadeInDown&quot;}\" data-widget_type=\"button.default\">\n\t\t\t\t\t\t\t\t\t\t<a class=\"elementor-button elementor-button-link elementor-size-sm\" href=\"https:\/\/vravenue.net\/fr\/contact\/\">\n\t\t\t\t\t\t<span class=\"elementor-button-content-wrapper\">\n\t\t\t\t\t\t\t\t\t<span class=\"elementor-button-text\">Contactez-nous<\/span>\n\t\t\t\t\t<\/span>\n\t\t\t\t\t<\/a>\n\t\t\t\t\t\t\t\t<\/div>\n\t\t\t\t<\/div>\n\t\t\t\t\t<\/div>\n\t\t\t\t<\/div>\n\t\t<div class=\"elementor-element elementor-element-e78d346 e-flex e-con-boxed e-con e-parent\" data-id=\"e78d346\" data-element_type=\"container\" data-settings=\"{&quot;background_background&quot;:&quot;classic&quot;}\">\n\t\t\t\t\t<div class=\"e-con-inner\">\n\t\t\t\t<div class=\"elementor-element elementor-element-2b62252 elementor-widget elementor-widget-heading\" data-id=\"2b62252\" data-element_type=\"widget\" data-widget_type=\"heading.default\">\n\t\t\t\t\t<h2 class=\"elementor-heading-title elementor-size-default\">Partenaires<\/h2>\t\t\t\t<\/div>\n\t\t\t\t<div class=\"elementor-element elementor-element-53d5f50 elementor-widget elementor-widget-text-editor\" data-id=\"53d5f50\" data-element_type=\"widget\" data-widget_type=\"text-editor.default\">\n\t\t\t\t\t\t\t\t\t<p style=\"text-align: center;\"><span style=\"color: #00ffff;\">VR Avenue est le partenaire officiel de Spawnpoint et d\u2019Anvio sur les march\u00e9s fran\u00e7ais et roumain.<\/span><\/p>\t\t\t\t\t\t\t\t<\/div>\n\t\t\t\t\t<\/div>\n\t\t\t\t<\/div>\n\t\t<div class=\"elementor-element elementor-element-092257a e-grid e-con-boxed e-con e-parent\" data-id=\"092257a\" data-element_type=\"container\">\n\t\t\t\t\t<div class=\"e-con-inner\">\n\t\t\t\t<div class=\"elementor-element elementor-element-8175aa8 elementor-widget elementor-widget-image\" data-id=\"8175aa8\" data-element_type=\"widget\" data-widget_type=\"image.default\">\n\t\t\t\t\t\t\t\t\t\t\t\t\t\t\t<img decoding=\"async\" width=\"800\" height=\"800\" src=\"https:\/\/vravenue.net\/wp-content\/uploads\/2025\/11\/Spawnpoint.png\" class=\"attachment-large size-large wp-image-1431\" alt=\"\" srcset=\"https:\/\/vravenue.net\/wp-content\/uploads\/2025\/11\/Spawnpoint.png 1000w, https:\/\/vravenue.net\/wp-content\/uploads\/2025\/11\/Spawnpoint-300x300.png 300w, https:\/\/vravenue.net\/wp-content\/uploads\/2025\/11\/Spawnpoint-150x150.png 150w, https:\/\/vravenue.net\/wp-content\/uploads\/2025\/11\/Spawnpoint-768x768.png 768w\" sizes=\"(max-width: 800px) 100vw, 800px\" \/>\t\t\t\t\t\t\t\t\t\t\t\t\t\t\t<\/div>\n\t\t\t\t<div class=\"elementor-element elementor-element-99c88b7 elementor-widget elementor-widget-image\" data-id=\"99c88b7\" data-element_type=\"widget\" data-widget_type=\"image.default\">\n\t\t\t\t\t\t\t\t\t\t\t\t\t\t\t<img decoding=\"async\" width=\"800\" height=\"200\" src=\"https:\/\/vravenue.net\/wp-content\/uploads\/2025\/11\/Anvio-Logo-with-text-1024x256.webp\" class=\"attachment-large size-large wp-image-1674\" alt=\"\" srcset=\"https:\/\/vravenue.net\/wp-content\/uploads\/2025\/11\/Anvio-Logo-with-text-1024x256.webp 1024w, https:\/\/vravenue.net\/wp-content\/uploads\/2025\/11\/Anvio-Logo-with-text-300x75.webp 300w, https:\/\/vravenue.net\/wp-content\/uploads\/2025\/11\/Anvio-Logo-with-text-768x192.webp 768w, https:\/\/vravenue.net\/wp-content\/uploads\/2025\/11\/Anvio-Logo-with-text-1536x384.webp 1536w, https:\/\/vravenue.net\/wp-content\/uploads\/2025\/11\/Anvio-Logo-with-text.webp 1702w\" sizes=\"(max-width: 800px) 100vw, 800px\" \/>\t\t\t\t\t\t\t\t\t\t\t\t\t\t\t<\/div>\n\t\t\t\t\t<\/div>\n\t\t\t\t<\/div>\n\t\t\t\t<\/div>","protected":false},"excerpt":{"rendered":"<p>Despre noi VR Avenue este un serviciu Romcall, companie fondat\u0103 \u00een 2005 \u00een Rom\u00e2nia. Suntem parteneri oficiali Anvio \u0219i Spawnpoint pentru Rom\u00e2nia \u0219i Fran\u021ba. Garant\u0103m pre\u021burile oficiale, oferim training gratuit \u0219i suport local permanent. Contacteaz\u0103-ne Parteneri VR Avenue este partener oficial pe pie\u021bele francez\u0103 \u0219i rom\u00e2n\u0103 al Spawnpoint \u0219i al Anvio.<\/p>","protected":false},"author":1,"featured_media":0,"parent":0,"menu_order":0,"comment_status":"closed","ping_status":"closed","template":"elementor_header_footer","meta":{"footnotes":""},"class_list":["post-23","page","type-page","status-publish","hentry"],"yoast_head":"<!-- This site is optimized with the Yoast SEO plugin v26.4 - https:\/\/yoast.com\/wordpress\/plugins\/seo\/ -->\n<title>Despre noi - VR Avenue<\/title>\n<meta name=\"description\" content=\"VR Avenue este un serviciu Romcall, companie fondat\u0103 \u00een 2005 \u00een Rom\u00e2nia. Suntem parteneri oficiali Anvio \u0219i Spawnpoint pentru Rom\u00e2nia \u0219i Fran\u021ba.\" \/>\n<meta name=\"robots\" content=\"index, follow, max-snippet:-1, max-image-preview:large, max-video-preview:-1\" \/>\n<link rel=\"canonical\" href=\"https:\/\/vravenue.net\/fr\/despre-noi\/\" \/>\n<meta property=\"og:locale\" content=\"fr_FR\" \/>\n<meta property=\"og:type\" content=\"article\" \/>\n<meta property=\"og:title\" content=\"Despre noi - VR Avenue\" \/>\n<meta property=\"og:description\" content=\"VR Avenue este un serviciu Romcall, companie fondat\u0103 \u00een 2005 \u00een Rom\u00e2nia. Suntem parteneri oficiali Anvio \u0219i Spawnpoint pentru Rom\u00e2nia \u0219i Fran\u021ba.\" \/>\n<meta property=\"og:url\" content=\"https:\/\/vravenue.net\/fr\/despre-noi\/\" \/>\n<meta property=\"og:site_name\" content=\"VR Avenue\" \/>\n<meta property=\"article:modified_time\" content=\"2025-12-01T08:25:30+00:00\" \/>\n<meta property=\"og:image\" content=\"https:\/\/vravenue.net\/wp-content\/uploads\/2025\/11\/logo-white.png\" \/>\n\t<meta property=\"og:image:width\" content=\"500\" \/>\n\t<meta property=\"og:image:height\" content=\"500\" \/>\n\t<meta property=\"og:image:type\" content=\"image\/png\" \/>\n<meta name=\"twitter:card\" content=\"summary_large_image\" \/>\n<script type=\"application\/ld+json\" class=\"yoast-schema-graph\">{\"@context\":\"https:\/\/schema.org\",\"@graph\":[{\"@type\":\"WebPage\",\"@id\":\"https:\/\/vravenue.net\/despre-noi\/\",\"url\":\"https:\/\/vravenue.net\/despre-noi\/\",\"name\":\"Despre noi - VR Avenue\",\"isPartOf\":{\"@id\":\"https:\/\/vravenue.net\/#website\"},\"primaryImageOfPage\":{\"@id\":\"https:\/\/vravenue.net\/despre-noi\/#primaryimage\"},\"image\":{\"@id\":\"https:\/\/vravenue.net\/despre-noi\/#primaryimage\"},\"thumbnailUrl\":\"https:\/\/vravenue.net\/wp-content\/uploads\/2025\/11\/logo-white.png\",\"datePublished\":\"2025-10-31T15:04:45+00:00\",\"dateModified\":\"2025-12-01T08:25:30+00:00\",\"description\":\"VR Avenue este un serviciu Romcall, companie fondat\u0103 \u00een 2005 \u00een Rom\u00e2nia. Suntem parteneri oficiali Anvio \u0219i Spawnpoint pentru Rom\u00e2nia \u0219i Fran\u021ba.\",\"breadcrumb\":{\"@id\":\"https:\/\/vravenue.net\/despre-noi\/#breadcrumb\"},\"inLanguage\":\"fr-FR\",\"potentialAction\":[{\"@type\":\"ReadAction\",\"target\":[\"https:\/\/vravenue.net\/despre-noi\/\"]}]},{\"@type\":\"ImageObject\",\"inLanguage\":\"fr-FR\",\"@id\":\"https:\/\/vravenue.net\/despre-noi\/#primaryimage\",\"url\":\"https:\/\/vravenue.net\/wp-content\/uploads\/2025\/11\/logo-white.png\",\"contentUrl\":\"https:\/\/vravenue.net\/wp-content\/uploads\/2025\/11\/logo-white.png\"},{\"@type\":\"BreadcrumbList\",\"@id\":\"https:\/\/vravenue.net\/despre-noi\/#breadcrumb\",\"itemListElement\":[{\"@type\":\"ListItem\",\"position\":1,\"name\":\"Home\",\"item\":\"https:\/\/vravenue.net\/\"},{\"@type\":\"ListItem\",\"position\":2,\"name\":\"Despre noi\"}]},{\"@type\":\"WebSite\",\"@id\":\"https:\/\/vravenue.net\/#website\",\"url\":\"https:\/\/vravenue.net\/\",\"name\":\"VR Avenue\",\"description\":\"VR Avenue\",\"publisher\":{\"@id\":\"https:\/\/vravenue.net\/#organization\"},\"potentialAction\":[{\"@type\":\"SearchAction\",\"target\":{\"@type\":\"EntryPoint\",\"urlTemplate\":\"https:\/\/vravenue.net\/?s={search_term_string}\"},\"query-input\":{\"@type\":\"PropertyValueSpecification\",\"valueRequired\":true,\"valueName\":\"search_term_string\"}}],\"inLanguage\":\"fr-FR\"},{\"@type\":\"Organization\",\"@id\":\"https:\/\/vravenue.net\/#organization\",\"name\":\"VR Avenue\",\"url\":\"https:\/\/vravenue.net\/\",\"logo\":{\"@type\":\"ImageObject\",\"inLanguage\":\"fr-FR\",\"@id\":\"https:\/\/vravenue.net\/#\/schema\/logo\/image\/\",\"url\":\"https:\/\/vravenue.net\/wp-content\/uploads\/2025\/11\/logo-white.png\",\"contentUrl\":\"https:\/\/vravenue.net\/wp-content\/uploads\/2025\/11\/logo-white.png\",\"width\":500,\"height\":500,\"caption\":\"VR Avenue\"},\"image\":{\"@id\":\"https:\/\/vravenue.net\/#\/schema\/logo\/image\/\"}}]}<\/script>\n<!-- \/ Yoast SEO plugin. -->","yoast_head_json":{"title":"Despre noi - VR Avenue","description":"VR Avenue este un serviciu Romcall, companie fondat\u0103 \u00een 2005 \u00een Rom\u00e2nia. Suntem parteneri oficiali Anvio \u0219i Spawnpoint pentru Rom\u00e2nia \u0219i Fran\u021ba.","robots":{"index":"index","follow":"follow","max-snippet":"max-snippet:-1","max-image-preview":"max-image-preview:large","max-video-preview":"max-video-preview:-1"},"canonical":"https:\/\/vravenue.net\/fr\/despre-noi\/","og_locale":"fr_FR","og_type":"article","og_title":"Despre noi - VR Avenue","og_description":"VR Avenue este un serviciu Romcall, companie fondat\u0103 \u00een 2005 \u00een Rom\u00e2nia. Suntem parteneri oficiali Anvio \u0219i Spawnpoint pentru Rom\u00e2nia \u0219i Fran\u021ba.","og_url":"https:\/\/vravenue.net\/fr\/despre-noi\/","og_site_name":"VR Avenue","article_modified_time":"2025-12-01T08:25:30+00:00","og_image":[{"width":500,"height":500,"url":"https:\/\/vravenue.net\/wp-content\/uploads\/2025\/11\/logo-white.png","type":"image\/png"}],"twitter_card":"summary_large_image","schema":{"@context":"https:\/\/schema.org","@graph":[{"@type":"WebPage","@id":"https:\/\/vravenue.net\/despre-noi\/","url":"https:\/\/vravenue.net\/despre-noi\/","name":"Despre noi - VR Avenue","isPartOf":{"@id":"https:\/\/vravenue.net\/#website"},"primaryImageOfPage":{"@id":"https:\/\/vravenue.net\/despre-noi\/#primaryimage"},"image":{"@id":"https:\/\/vravenue.net\/despre-noi\/#primaryimage"},"thumbnailUrl":"https:\/\/vravenue.net\/wp-content\/uploads\/2025\/11\/logo-white.png","datePublished":"2025-10-31T15:04:45+00:00","dateModified":"2025-12-01T08:25:30+00:00","description":"VR Avenue este un serviciu Romcall, companie fondat\u0103 \u00een 2005 \u00een Rom\u00e2nia. Suntem parteneri oficiali Anvio \u0219i Spawnpoint pentru Rom\u00e2nia \u0219i Fran\u021ba.","breadcrumb":{"@id":"https:\/\/vravenue.net\/despre-noi\/#breadcrumb"},"inLanguage":"fr-FR","potentialAction":[{"@type":"ReadAction","target":["https:\/\/vravenue.net\/despre-noi\/"]}]},{"@type":"ImageObject","inLanguage":"fr-FR","@id":"https:\/\/vravenue.net\/despre-noi\/#primaryimage","url":"https:\/\/vravenue.net\/wp-content\/uploads\/2025\/11\/logo-white.png","contentUrl":"https:\/\/vravenue.net\/wp-content\/uploads\/2025\/11\/logo-white.png"},{"@type":"BreadcrumbList","@id":"https:\/\/vravenue.net\/despre-noi\/#breadcrumb","itemListElement":[{"@type":"ListItem","position":1,"name":"Home","item":"https:\/\/vravenue.net\/"},{"@type":"ListItem","position":2,"name":"Despre noi"}]},{"@type":"WebSite","@id":"https:\/\/vravenue.net\/#website","url":"https:\/\/vravenue.net\/","name":"VR Avenue","description":"VR Avenue","publisher":{"@id":"https:\/\/vravenue.net\/#organization"},"potentialAction":[{"@type":"SearchAction","target":{"@type":"EntryPoint","urlTemplate":"https:\/\/vravenue.net\/?s={search_term_string}"},"query-input":{"@type":"PropertyValueSpecification","valueRequired":true,"valueName":"search_term_string"}}],"inLanguage":"fr-FR"},{"@type":"Organization","@id":"https:\/\/vravenue.net\/#organization","name":"VR Avenue","url":"https:\/\/vravenue.net\/","logo":{"@type":"ImageObject","inLanguage":"fr-FR","@id":"https:\/\/vravenue.net\/#\/schema\/logo\/image\/","url":"https:\/\/vravenue.net\/wp-content\/uploads\/2025\/11\/logo-white.png","contentUrl":"https:\/\/vravenue.net\/wp-content\/uploads\/2025\/11\/logo-white.png","width":500,"height":500,"caption":"VR Avenue"},"image":{"@id":"https:\/\/vravenue.net\/#\/schema\/logo\/image\/"}}]}},"_links":{"self":[{"href":"https:\/\/vravenue.net\/fr\/wp-json\/wp\/v2\/pages\/23","targetHints":{"allow":["GET"]}}],"collection":[{"href":"https:\/\/vravenue.net\/fr\/wp-json\/wp\/v2\/pages"}],"about":[{"href":"https:\/\/vravenue.net\/fr\/wp-json\/wp\/v2\/types\/page"}],"author":[{"embeddable":true,"href":"https:\/\/vravenue.net\/fr\/wp-json\/wp\/v2\/users\/1"}],"replies":[{"embeddable":true,"href":"https:\/\/vravenue.net\/fr\/wp-json\/wp\/v2\/comments?post=23"}],"version-history":[{"count":193,"href":"https:\/\/vravenue.net\/fr\/wp-json\/wp\/v2\/pages\/23\/revisions"}],"predecessor-version":[{"id":2843,"href":"https:\/\/vravenue.net\/fr\/wp-json\/wp\/v2\/pages\/23\/revisions\/2843"}],"wp:attachment":[{"href":"https:\/\/vravenue.net\/fr\/wp-json\/wp\/v2\/media?parent=23"}],"curies":[{"name":"wp","href":"https:\/\/api.w.org\/{rel}","templated":true}]}}